{"id":3728,"date":"2018-02-13T17:44:36","date_gmt":"2018-02-13T15:44:36","guid":{"rendered":"http:\/\/mhak.de\/?page_id=3728"},"modified":"2018-09-18T17:13:29","modified_gmt":"2018-09-18T15:13:29","slug":"koblenz-exkursion-m-samstag-12-mai-2018","status":"publish","type":"page","link":"https:\/\/mhak.de\/?page_id=3728","title":{"rendered":"Koblenz-Exkursion am Samstag, 12. Mai 2018"},"content":{"rendered":"<p>Am Samstag, 12. Mai 2018 f\u00fchrte der MHAK unter Leitung von <strong>Oberst a. D. F\u00f6ls<\/strong> eine Tagesexkursion nach Koblenz  durch. <\/p>\n<p>Besucht werden die Festung Ehrenbreitstein und die Altstadt von Koblenz. Die Fahrt von der Festung zur Altstadt erfolgt mit der Seilbahn. Durch das Programm f\u00fchrt OTL a. D. Arthur Matyschock, seit Jahren selbst\u00e4ndiger Stadt- und Festungsf\u00fchrer in Koblenz.<\/p>\n<p>Die Festung Ehrenbreitstein ist eine seit dem 16. Jahrhundert bestehende Befestigungs-anlage gegen\u00fcber der Moselm\u00fcndung in Koblenz. Ihr barocker Vorg\u00e4ngerbau, der auf eine um das Jahr 1000 errichtete Burg zur\u00fcckging, war zeitweilig Residenz der Kurf\u00fcrsten von Trier und wurde 1801 von franz\u00f6sischen Revolutionstruppen gesprengt. <\/p>\n<p>Zwischen 1817 und 1828 wurde die Zitadelle als Teil der Anfang des 19. Jahrhunderts errichteten preu\u00dfischen Festung Koblenz  in ihrer heutigen Gestalt neu aufgebaut. <\/p>\n<p>Von der preu\u00dfischen Armee bis 1918 milit\u00e4risch genutzt, diente der Ehrenbreitstein  im System der Koblenzer Festungswerke der Sicherung des Mittelrheintals und der gesamten Verkehrsinfrastruktur, d.h. Bahnwege und Fluss\u00fcberg\u00e4nge bei Koblenz. Heute beherbergt die Festung u. a. ein Museum, eine Jugendherberge und das Ehrenmal des Deutschen Heeres.<\/p>\n<p>Die Stadt Koblenz geh\u00f6rt zu den \u00e4ltesten St\u00e4dten Deutschlands. Ihre Geschichte war gekennzeichnet von kriegerischen Auseinandersetzungen bei zahlreichen Grenzkonflikten sowie einem gro\u00dfen baulichen Wandel. Die R\u00f6mer errichteten am strategisch bedeutsamen Zusammenfluss von Rhein und Mosel erstmals eine befestigte st\u00e4dtische Siedlung, die nach dem R\u00fcckzug der r\u00f6mischen Truppen im 5. Jahrhundert von den Franken weiter genutzt wurde. <\/p>\n<p>In der folgenden Herrschaft der Erzbisch\u00f6fe und Kurf\u00fcrsten von Trier bl\u00fchte Koblenz weiter auf, und es entstanden Kirchen, Schl\u00f6sser und Festungsanlagen. Nach einer kurzen franz\u00f6sischen Zeit dr\u00fcckte im 19. Jahrhundert Preu\u00dfen Koblenz seinen Stempel auf. Die Hauptstadt der preu\u00dfischen Rheinprovinz wurde als eines der m\u00e4chtigsten Festungssysteme in Europa ausgebaut.<\/p>\n<p><strong>Im Jahr 1992 feierte Koblenz seine 2000-j\u00e4hrige Stadtgr\u00fcndung.<\/strong><\/p>\n","protected":false},"excerpt":{"rendered":"<p>Am Samstag, 12. Mai 2018 f\u00fchrte der MHAK unter Leitung von Oberst a. D. F\u00f6ls eine Tagesexkursion nach Koblenz durch. Besucht werden die Festung Ehrenbreitstein und die Altstadt von Koblenz. Die Fahrt von der Festung zur Altstadt erfolgt mit der Seilbahn. Durch das Programm f\u00fchrt OTL a. D. Arthur Matyschock, seit Jahren selbst\u00e4ndiger Stadt- und [&hellip;]<\/p>\n","protected":false},"author":1,"featured_media":0,"parent":0,"menu_order":18,"comment_status":"closed","ping_status":"closed","template":"","meta":{"ngg_post_thumbnail":0,"footnotes":""},"class_list":["post-3728","page","type-page","status-publish","hentry"],"jetpack_shortlink":"https:\/\/wp.me\/P1G9BX-Y8","jetpack_sharing_enabled":true,"publishpress_future_action":{"enabled":false,"date":"2026-05-08 16:54:28","action":"change-status","newStatus":"draft","terms":[],"taxonomy":"","extraData":[]},"publishpress_future_workflow_manual_trigger":{"enabledWorkflows":[]},"_links":{"self":[{"href":"https:\/\/mhak.de\/index.php?rest_route=\/wp\/v2\/pages\/3728","targetHints":{"allow":["GET"]}}],"collection":[{"href":"https:\/\/mhak.de\/index.php?rest_route=\/wp\/v2\/pages"}],"about":[{"href":"https:\/\/mhak.de\/index.php?rest_route=\/wp\/v2\/types\/page"}],"author":[{"embeddable":true,"href":"https:\/\/mhak.de\/index.php?rest_route=\/wp\/v2\/users\/1"}],"replies":[{"embeddable":true,"href":"https:\/\/mhak.de\/index.php?rest_route=%2Fwp%2Fv2%2Fcomments&post=3728"}],"version-history":[{"count":0,"href":"https:\/\/mhak.de\/index.php?rest_route=\/wp\/v2\/pages\/3728\/revisions"}],"wp:attachment":[{"href":"https:\/\/mhak.de\/index.php?rest_route=%2Fwp%2Fv2%2Fmedia&parent=3728"}],"curies":[{"name":"wp","href":"https:\/\/api.w.org\/{rel}","templated":true}]}}