{"id":308,"date":"2010-01-27T20:13:35","date_gmt":"2010-01-27T19:13:35","guid":{"rendered":"http:\/\/mhak.de\/?page_id=308"},"modified":"2012-12-13T11:43:47","modified_gmt":"2012-12-13T09:43:47","slug":"308-2","status":"publish","type":"page","link":"https:\/\/mhak.de\/?page_id=308","title":{"rendered":"Bilder- und Dokumentensammlung"},"content":{"rendered":"<p>Klicken Sie auf die verkleinerten Bilder um diese in einem separatem Fenster in voller Gr\u00f6\u00dfe betrachten zu k\u00f6nnen.<\/p>\n<hr>\n<p><center><b>Dokumente aus den Gr\u00fcndungstagen des MHAK:<\/b><\/p>\n<p><a href=\"https:\/\/mhak.de\/wp-content\/images\/Dokument-1987-1.gif\" target=\"_blank\"><br \/>\n<img decoding=\"async\" style=\" border-width:1px;   border-style:solid;   border-color:black;   padding:0.5em; \" src=\"https:\/\/mhak.de\/wp-content\/images\/Dokument-1987-1_mini.gif\" alt=\"\" border=\"1\" width=\"40%\" height=\"40%\"><br \/>\n<\/a><\/p>\n<p><a href=\"https:\/\/mhak.de\/wp-content\/images\/Dokument-1987-2.gif\" target=\"_blank\"><br \/>\n<img decoding=\"async\" style=\" border-width:1px;   border-style:solid;   border-color:black;   padding:0.5em; \" src=\"https:\/\/mhak.de\/wp-content\/images\/Dokument-1987-2_mini.gif\" alt=\"\" border=\"1\" width=\"40%\" height=\"40%\"><br \/>\n<\/a><br \/>\n<a href=\"https:\/\/mhak.de\/wp-content\/images\/Dokument-1987-3.gif\" target=\"_blank\"><br \/>\n<img decoding=\"async\" style=\" border-width:1px;   border-style:solid;   border-color:black;   padding:0.5em; \"  src=\"https:\/\/mhak.de\/wp-content\/images\/Dokument-1987-3_mini.gif\" alt=\"\" border=\"1\" width=\"40%\" height=\"40%\"><br \/>\n<\/a><\/center><\/p>\n<hr>\n<p><center><b>Bericht des General Anzeigers vom 04.Juli 2007:<\/b><\/center><\/p>\n<p><center><a href=\"https:\/\/mhak.de\/wp-content\/images\/20_Jahre_GA_Artikel.gif\" target=\"_blank\"><br \/>\n<img decoding=\"async\" src=\"https:\/\/mhak.de\/wp-content\/images\/20_Jahre_GA_Artikel_mini.gif\" alt=\"Bericht GA zum 20j\u00e4hrigen Bestehen\" \/><\/a><br \/>\n<\/center><\/p>\n","protected":false},"excerpt":{"rendered":"<p>Klicken Sie auf die verkleinerten Bilder um diese in einem separatem Fenster in voller Gr\u00f6\u00dfe betrachten zu k\u00f6nnen. Dokumente aus den Gr\u00fcndungstagen des MHAK: Bericht des General Anzeigers vom 04.Juli 2007:<\/p>\n","protected":false},"author":1,"featured_media":0,"parent":0,"menu_order":0,"comment_status":"closed","ping_status":"closed","template":"","meta":{"ngg_post_thumbnail":0,"footnotes":""},"class_list":["post-308","page","type-page","status-publish","hentry"],"jetpack_shortlink":"https:\/\/wp.me\/P1G9BX-4Y","jetpack_sharing_enabled":true,"publishpress_future_action":{"enabled":false,"date":"2026-05-07 08:33:09","action":"change-status","newStatus":"draft","terms":[],"taxonomy":"","extraData":[]},"publishpress_future_workflow_manual_trigger":{"enabledWorkflows":[]},"_links":{"self":[{"href":"https:\/\/mhak.de\/index.php?rest_route=\/wp\/v2\/pages\/308","targetHints":{"allow":["GET"]}}],"collection":[{"href":"https:\/\/mhak.de\/index.php?rest_route=\/wp\/v2\/pages"}],"about":[{"href":"https:\/\/mhak.de\/index.php?rest_route=\/wp\/v2\/types\/page"}],"author":[{"embeddable":true,"href":"https:\/\/mhak.de\/index.php?rest_route=\/wp\/v2\/users\/1"}],"replies":[{"embeddable":true,"href":"https:\/\/mhak.de\/index.php?rest_route=%2Fwp%2Fv2%2Fcomments&post=308"}],"version-history":[{"count":0,"href":"https:\/\/mhak.de\/index.php?rest_route=\/wp\/v2\/pages\/308\/revisions"}],"wp:attachment":[{"href":"https:\/\/mhak.de\/index.php?rest_route=%2Fwp%2Fv2%2Fmedia&parent=308"}],"curies":[{"name":"wp","href":"https:\/\/api.w.org\/{rel}","templated":true}]}}