{"id":2914,"date":"2015-07-13T11:56:23","date_gmt":"2015-07-13T09:56:23","guid":{"rendered":"http:\/\/mhak.de\/?page_id=2914"},"modified":"2016-11-20T15:49:40","modified_gmt":"2016-11-20T13:49:40","slug":"exkursion-nach-waterloo-am-26-09-2015","status":"publish","type":"page","link":"https:\/\/mhak.de\/?page_id=2914","title":{"rendered":"Exkursion nach Waterloo am 26.09.2015"},"content":{"rendered":"<p>Am 18. Juni 1815 schlugen eine britisch-niederl\u00e4ndisch-deutsche Armee unter Wellington und eine preu\u00dfische Armee unter Bl\u00fccher die franz\u00f6sische Arm\u00e9e du Nord unter Napoleon bei Waterloo vernichtend. Dies soll Thema unserer Exkursion unter der Leitung von Oberst a.D. M\u00f6ser sein.<\/p>\n<p>Wegen der engen Stra\u00dfe durch den Bois Paris k\u00f6nnen wir nur mit einem 28-Sitzer Bus fahren.<br \/>\nFeste Schuhe und dem Wetter angepasste Kleidung werden empfohlen, ebenso wie die Mitnahme von Marschverpflegung.<\/p>\n<p>Bei 28 Teilnehmern entstehen Kosten von 40 \u20ac pro Person f\u00fcr die Fahrt, eingeschlossen ist der Eintritt in das Museum und das Panorama.<\/p>\n<p>Gedachter Verlauf:<br \/>\n07.00 Uhr Abfahrt Meckenheim Bhf, 07.15 Uhr Abfahrt Rheinbach Kaserne, 07.35 Uhr Abfahrt Bonn BMVg Nordwache<br \/>\nPause an der Autobahn-Rastst\u00e4tte Aachen Land<br \/>\nBesuch des neu er\u00f6ffneten unterirdischen Museums \u201eM\u00e9morial\u201c und des Panoramas auf dem alten Schlachtfeld<br \/>\nMittagspause<br \/>\nEinweisung in das Gel\u00e4nde<br \/>\nGel\u00e4ndebesprechung an der \u00dcbergangsstelle der Preu\u00dfen \u00fcber die Lasne<br \/>\nGel\u00e4ndebesprechung am Monument Schwerin<br \/>\nFahrt durch den Bois Paris<br \/>\nGel\u00e4ndebesprechung in Plancenoit plus Besuch des Preu\u00dfen-Denkmals<br \/>\nCa. 16.15 Uhr R\u00fcckfahrt<br \/>\nPause an der Rastst\u00e4tte Aachen Land<br \/>\nAnkunft in Bonn, Rheinbach, Meckenheim gegen 20.00 Uhr<\/p>\n","protected":false},"excerpt":{"rendered":"<p>Am 18. Juni 1815 schlugen eine britisch-niederl\u00e4ndisch-deutsche Armee unter Wellington und eine preu\u00dfische Armee unter Bl\u00fccher die franz\u00f6sische Arm\u00e9e du Nord unter Napoleon bei Waterloo vernichtend. Dies soll Thema unserer Exkursion unter der Leitung von Oberst a.D. M\u00f6ser sein. Wegen der engen Stra\u00dfe durch den Bois Paris k\u00f6nnen wir nur mit einem 28-Sitzer Bus fahren. [&hellip;]<\/p>\n","protected":false},"author":1,"featured_media":0,"parent":0,"menu_order":7,"comment_status":"open","ping_status":"closed","template":"","meta":{"ngg_post_thumbnail":0,"footnotes":""},"class_list":["post-2914","page","type-page","status-publish","hentry"],"jetpack_shortlink":"https:\/\/wp.me\/P1G9BX-L0","jetpack_sharing_enabled":true,"publishpress_future_action":{"enabled":false,"date":"2026-05-21 08:58:34","action":"change-status","newStatus":"draft","terms":[],"taxonomy":"","extraData":[]},"publishpress_future_workflow_manual_trigger":{"enabledWorkflows":[]},"_links":{"self":[{"href":"https:\/\/mhak.de\/index.php?rest_route=\/wp\/v2\/pages\/2914","targetHints":{"allow":["GET"]}}],"collection":[{"href":"https:\/\/mhak.de\/index.php?rest_route=\/wp\/v2\/pages"}],"about":[{"href":"https:\/\/mhak.de\/index.php?rest_route=\/wp\/v2\/types\/page"}],"author":[{"embeddable":true,"href":"https:\/\/mhak.de\/index.php?rest_route=\/wp\/v2\/users\/1"}],"replies":[{"embeddable":true,"href":"https:\/\/mhak.de\/index.php?rest_route=%2Fwp%2Fv2%2Fcomments&post=2914"}],"version-history":[{"count":0,"href":"https:\/\/mhak.de\/index.php?rest_route=\/wp\/v2\/pages\/2914\/revisions"}],"wp:attachment":[{"href":"https:\/\/mhak.de\/index.php?rest_route=%2Fwp%2Fv2%2Fmedia&parent=2914"}],"curies":[{"name":"wp","href":"https:\/\/api.w.org\/{rel}","templated":true}]}}