{"id":104,"date":"2009-12-18T09:03:26","date_gmt":"2009-12-18T08:03:26","guid":{"rendered":"http:\/\/mhak.de\/?page_id=104"},"modified":"2018-01-02T10:32:52","modified_gmt":"2018-01-02T08:32:52","slug":"geschichte-unseres-arbeitskreises","status":"publish","type":"page","link":"https:\/\/mhak.de\/?page_id=104","title":{"rendered":"Geschichte unseres Arbeitskreises"},"content":{"rendered":"<p>Im Fr\u00fchsommer des Jahres 1987 setzten sich im Kaminzimmer der Tomburg-Kaserne in Rheinbach sieben aktive Offiziere zusammen. Sie gr\u00fcndeten den Arbeitskreis und beschlossen die Prinzipien, nach denen wir auch heute noch arbeiten.<\/p>\n<p>Waren zuerst nur aktive Offiziere im Arbeitskreis, so kamen doch bald Beamte und Pension\u00e4re hinzu. Die erste Veranstaltung, am 22. Juni 1987, war der Vortrag \u201eDie Geschichte der Mobilmachung in Deutschland seit 1815\u201c. Die erste Exkursion f\u00fchrte uns an die Br\u00fccke von Remagen.<\/p>\n<p>In den ersten Jahren haben wir uns auf Dienstfahrzeuge und Kasernen bei unseren Exkursionen abgest\u00fctzt, im Laufe der Zeit hat es sich aber als zweckm\u00e4\u00dfig herausgestellt, Busse zu chartern und Hotels aufzusuchen.<\/p>\n<p>Bis zur 20-Jahr-Feier am 30. Juli 2007 haben (ungef\u00e4hr) 182 Vortragsabende und 80 Exkursionen stattgefunden. Das 20-j\u00e4hrige Bestehen wurde auch von der Presse gew\u00fcrdigt <a href=\"https:\/\/mhak.de\/?page_id=308\">(<img decoding=\"async\" src=\"https:\/\/mhak.de\/wp-content\/uploads\/link.gif\" alt=\"\" \/> siehe Dokumente)<\/a>. <\/p>\n<p>Heute haben wir rund 130 Mitglieder. An den Vortragsabenden, die normalerweise einmal im Monat stattfinden, nehmen im Allgemeinen 50 bis 60 Zuh\u00f6rer teil, an den Exkursionen meist 35 bis 45 Personen.<\/p>\n<p>Die Bereitschaft der Mitglieder, Vortr\u00e4ge und Exkursionen zu erarbeiten, und die unersch\u00f6pfliche F\u00fclle der Themen, die uns die Geschichte bietet, gew\u00e4hrleisten weiterhin interessante Veranstaltungen.<\/p>\n<p><strong>Leitung des Arbeitskreises:<\/strong><\/p>\n<p\/>\n<p>1987 &#8211; 1990:  Oberstleutnant i.G. Joachim Behne<br \/>\n1991 \u2013 1999:  Oberst a.D. Arnold Sievert<br \/>\n1999 \u2013 2003:  Kapit\u00e4n z.S. a.D. Rolf Noeske<br \/>\n2004 \u2013 heute: Brigadegeneral a.D. Joachim Behne <\/p>\n","protected":false},"excerpt":{"rendered":"<p>Im Fr\u00fchsommer des Jahres 1987 setzten sich im Kaminzimmer der Tomburg-Kaserne in Rheinbach sieben aktive Offiziere zusammen. Sie gr\u00fcndeten den Arbeitskreis und beschlossen die Prinzipien, nach denen wir auch heute noch arbeiten. Waren zuerst nur aktive Offiziere im Arbeitskreis, so kamen doch bald Beamte und Pension\u00e4re hinzu. Die erste Veranstaltung, am 22. Juni 1987, war [&hellip;]<\/p>\n","protected":false},"author":1,"featured_media":0,"parent":0,"menu_order":2,"comment_status":"closed","ping_status":"closed","template":"","meta":{"ngg_post_thumbnail":0,"footnotes":""},"class_list":["post-104","page","type-page","status-publish","hentry"],"jetpack_shortlink":"https:\/\/wp.me\/P1G9BX-1G","jetpack_sharing_enabled":true,"publishpress_future_action":{"enabled":false,"date":"2026-05-07 07:22:56","action":"change-status","newStatus":"draft","terms":[],"taxonomy":"","extraData":[]},"publishpress_future_workflow_manual_trigger":{"enabledWorkflows":[]},"_links":{"self":[{"href":"https:\/\/mhak.de\/index.php?rest_route=\/wp\/v2\/pages\/104","targetHints":{"allow":["GET"]}}],"collection":[{"href":"https:\/\/mhak.de\/index.php?rest_route=\/wp\/v2\/pages"}],"about":[{"href":"https:\/\/mhak.de\/index.php?rest_route=\/wp\/v2\/types\/page"}],"author":[{"embeddable":true,"href":"https:\/\/mhak.de\/index.php?rest_route=\/wp\/v2\/users\/1"}],"replies":[{"embeddable":true,"href":"https:\/\/mhak.de\/index.php?rest_route=%2Fwp%2Fv2%2Fcomments&post=104"}],"version-history":[{"count":0,"href":"https:\/\/mhak.de\/index.php?rest_route=\/wp\/v2\/pages\/104\/revisions"}],"wp:attachment":[{"href":"https:\/\/mhak.de\/index.php?rest_route=%2Fwp%2Fv2%2Fmedia&parent=104"}],"curies":[{"name":"wp","href":"https:\/\/api.w.org\/{rel}","templated":true}]}}